{"id":395,"date":"2023-04-22T13:13:27","date_gmt":"2023-04-22T11:13:27","guid":{"rendered":"https:\/\/epj44.fr\/?page_id=395"},"modified":"2023-05-19T13:16:46","modified_gmt":"2023-05-19T11:16:46","slug":"kamp-vakansou-katolik","status":"publish","type":"page","link":"https:\/\/epj44.fr\/index.php\/bz\/kamp-vakansou-katolik\/","title":{"rendered":"Degemer"},"content":{"rendered":"<p>[et_pb_section fb_built=&#8221;1&#8243; _builder_version=&#8221;4.20.2&#8243; _module_preset=&#8221;default&#8221; custom_padding=&#8221;10px||||false|false&#8221; global_colors_info=&#8221;{}&#8221;][et_pb_row _builder_version=&#8221;4.20.2&#8243; _module_preset=&#8221;default&#8221; custom_padding=&#8221;||22px|||&#8221; global_colors_info=&#8221;{}&#8221;][et_pb_column type=&#8221;4_4&#8243; _builder_version=&#8221;4.20.2&#8243; _module_preset=&#8221;default&#8221; global_colors_info=&#8221;{}&#8221;][et_pb_text _builder_version=&#8221;4.21.0&#8243; _module_preset=&#8221;default&#8221; text_font=&#8221;|700||||on|||&#8221; text_text_color=&#8221;#FFFFFF&#8221; text_font_size=&#8221;35px&#8221; header_text_color=&#8221;#FFFFFF&#8221; background_color=&#8221;#16A798&#8243; custom_margin=&#8221;||||false|false&#8221; custom_padding=&#8221;21px||21px||false|false&#8221; border_width_all=&#8221;1px&#8221; border_color_all=&#8221;#FFFFFF&#8221; border_style_all=&#8221;double&#8221; box_shadow_style=&#8221;preset1&#8243; global_colors_info=&#8221;{}&#8221;]<\/p>\n<h1 style=\"text-align: center;\"><strong><span style=\"font-size: xx-large;\">Degemer mat war lec&#8217;hienn ar goumperien abego\u00f9 katolik :<\/span><\/strong><\/h1>\n<h1 style=\"text-align: center;\"><strong><span style=\"font-size: xx-large;\">EPJ44 !<\/span><\/strong><\/h1>\n<p>[\/et_pb_text][et_pb_image src=&#8221;https:\/\/epj44.fr\/wp-content\/uploads\/2023\/05\/748c086f-c68d-4e5c-8e92-cc959e9be759-scaled.jpg&#8221; alt=&#8221;kamp vakanso\u00f9 &#8211; Retrato a zo&#8221; title_text=&#8221;748c086f-c68d-4e5c-8e92-cc959e9be759&#8243; _builder_version=&#8221;4.20.2&#8243; _module_preset=&#8221;default&#8221; custom_padding=&#8221;0px||||false|false&#8221; hover_enabled=&#8221;0&#8243; global_colors_info=&#8221;{}&#8221; sticky_enabled=&#8221;0&#8243;][\/et_pb_image][et_pb_text _builder_version=&#8221;4.21.0&#8243; _module_preset=&#8221;default&#8221; text_font_size=&#8221;15px&#8221; header_3_font=&#8221;|||||on|||&#8221; header_3_text_color=&#8221;#16A798&#8243; custom_padding=&#8221;|5px|0px|5px|false|false&#8221; global_colors_info=&#8221;{}&#8221;]<\/p>\n<h3 style=\"text-align: justify;\"><strong><span style=\"text-decoration: underline;\">Kamp vakanso\u00f9 katolik<\/span><\/strong><\/h3>\n<p><text x=\"-9999\" y=\"-9999\"><\/text><\/p>\n<div class=\"flex flex-grow flex-col gap-3\">\n<div class=\"min-h-[20px] flex flex-col items-start gap-4 whitespace-pre-wrap break-words\">\n<div class=\"markdown prose w-full break-words dark:prose-invert light\">\n<p style=\"text-align: justify;\">Ma breton a zo deoc&#8217;h, e vo plijadur deoc&#8217;h klevet ez eus kampio\u00f9 dudi evit ho pugale ivez. Met, mard eo bet laosket deoc&#8217;h eo eo degemeret ho pugale hag ar c&#8217;hoariva\u00f1 a blij dezho, a-raok ar re all hag a zo d&#8217;an holl da-heul a-drugarez d&#8217;ar c&#8217;henta\u00f1, eus Breizh, ar vro pell zo kerzh. E-pad un tizh e vo kamp ar vugale gant o <a href=\"https:\/\/saintdonatienderval.mennaisien.org\/\">skolio\u00f9 en Ilar-Atlantel<\/a>, a-enep Breizh, lec&#8217;h idil evit kavout plijadur ha skeudenn Breizh.<\/p>\n<\/div>\n<\/div>\n<\/div>\n<p>[\/et_pb_text][et_pb_image src=&#8221;https:\/\/epj44.fr\/wp-content\/uploads\/2023\/05\/4964746a-70da-42d0-9424-ba4c3bf64486-scaled.jpg&#8221; alt=&#8221;kamp vakanso\u00f9 &#8211; Kig ha farz war ar c&#8217;hoad daouzek a-raok Sant-Donatien&#8221; title_text=&#8221;4964746a-70da-42d0-9424-ba4c3bf64486&#8243; _builder_version=&#8221;4.20.2&#8243; _module_preset=&#8221;default&#8221; global_colors_info=&#8221;{}&#8221;][\/et_pb_image][et_pb_text _builder_version=&#8221;4.21.0&#8243; _module_preset=&#8221;default&#8221; text_font_size=&#8221;15px&#8221; header_3_font=&#8221;|||||on|||&#8221; header_3_text_color=&#8221;#16A798&#8243; custom_padding=&#8221;|5px||5px|false|false&#8221; global_colors_info=&#8221;{}&#8221;]<\/p>\n<h3 style=\"text-align: justify;\"><strong><span style=\"text-decoration: underline;\">Kamp vakanso\u00f9 katolik degouezhet<\/span><\/strong><\/h3>\n<p style=\"text-align: justify;\">An holl gant ar c&#8217;houlenn zo eus ar feiz katolik ! Kinnigomp obererezhio\u00f9 kumunia\u00f1 dreist-holl a ro levezon d&#8217;an dud evit kaout plijadur hag obererezhio\u00f9 evit kavout pe oberi\u00f1 eus ar vuhez skiantel gant ment ar mintin d&#8217;obererezhio\u00f9 anezhi. War an dachenn eo kinniget obererezhio\u00f9 liesseurt evit ar vugale en ur skoazella\u00f1 an tem deiz. Abred eo kinniget beilhadego\u00f9 evit ar yaouankiz e-pad an nozvezh !<\/p>\n<p style=\"text-align: justify;\">Kavomp eo e c&#8217;houlenn evit ar re geno\u00f9 kaoc&#8217;hoc&#8217;h e vefe difisil da zegas o bugale da ul lec&#8217;h dianav, met e fell deomp beza\u00f1 a-zivoud evitoc&#8217;h eo ar gamp a-zindan un endro s\u00fbr hag adegus evit ar vugale. Ar monitouro\u00f9 hon oa a-raok ha treid eo o skolio\u00f9 evit beza\u00f1 sur e vefe o ho bugale a-dre\u00f1v a bep sort a fizia\u00f1s ha dudi en o c&#8217;hambr. Gant-se, e vez plijadur hag a youl d&#8217;ar vugale a bep seurt etre.<\/p>\n<p style=\"text-align: justify;\">[\/et_pb_text][\/et_pb_column][\/et_pb_row][et_pb_row column_structure=&#8221;1_3,2_3&#8243; _builder_version=&#8221;4.20.2&#8243; _module_preset=&#8221;default&#8221; custom_padding=&#8221;0px||0px||false|false&#8221; global_colors_info=&#8221;{}&#8221;][et_pb_column type=&#8221;1_3&#8243; _builder_version=&#8221;4.20.2&#8243; _module_preset=&#8221;default&#8221; global_colors_info=&#8221;{}&#8221;][et_pb_text _builder_version=&#8221;4.21.0&#8243; _module_preset=&#8221;default&#8221; header_text_align=&#8221;justify&#8221; header_3_font=&#8221;|||||on|||&#8221; text_orientation=&#8221;justified&#8221; module_alignment=&#8221;center&#8221; custom_padding=&#8221;12px|23px|12px|22px|true|false&#8221; hover_enabled=&#8221;0&#8243; border_width_all=&#8221;7px&#8221; border_color_all=&#8221;#E09900&#8243; border_style_all=&#8221;ridge&#8221; global_colors_info=&#8221;{}&#8221; sticky_enabled=&#8221;0&#8243; inline_fonts=&#8221;Aclonica&#8221;]<\/p>\n<h3 style=\"text-align: justify;\"><span style=\"font-size: large;\"><span style=\"text-decoration: underline;\"><strong>Inskrivit ac&#8217;hanomp d&#8217;ar <\/strong><\/span><strong><span style=\"text-decoration: underline;\">Kamp vakanso\u00f9 katolik<\/span><\/strong><\/span><\/h3>\n<p style=\"text-align: justify;\">Ni esperomp e vezan o so\u00f1jal e vo plijadur ac&#8217;hanoc&#8217;h degaset ho pugale d&#8217;ar c&#8217;hamp vakanso\u00f9 hon. Lec&#8217;h idil eo evit ar vugale a bep aozer hag a sikouret omp evit kavout plijadur dezhe war al lec&#8217;h. Ma fell deoc&#8217;h e vije eo betek an taol-laouen evit ho pugale lakaat en dro o feiz gant ar re all o doa e vefe o sevel, gant ferveur vras evit Breizh! Na bezomp ket, an holl ac&#8217;hanomp en un doare sur ha paeet evit ho pugale, hag e vez kinniget un toullad oberourien diouzh o labour a vo kinniget evit ar vugale a-walc&#8217;h.<\/p>\n<p>[\/et_pb_text][\/et_pb_column][et_pb_column type=&#8221;2_3&#8243; _builder_version=&#8221;4.20.2&#8243; _module_preset=&#8221;default&#8221; global_colors_info=&#8221;{}&#8221;][et_pb_cta title=&#8221;Moui\u00f1 a ditouro\u00f9 evit enskriva\u00f1 aze&#8221; button_url=&#8221;https:\/\/epj44.fr&#8221; button_text=&#8221;Moui\u00f1 da zehavi\u00f1&#8221; _builder_version=&#8221;4.21.0&#8243; _module_preset=&#8221;default&#8221; header_font=&#8221;Oswald|500|||||||&#8221; header_font_size=&#8221;34px&#8221; header_letter_spacing=&#8221;1px&#8221; body_font=&#8221;Oswald||||||||&#8221; body_font_size=&#8221;18px&#8221; background_color=&#8221;#E09900&#8243; custom_button=&#8221;on&#8221; button_font=&#8221;Oswald||||||||&#8221; button_icon=&#8221;&#xf05a;||fa||900&#8243; custom_padding=&#8221;16px||16px||false|false&#8221; hover_enabled=&#8221;0&#8243; global_colors_info=&#8221;{}&#8221; sticky_enabled=&#8221;0&#8243;]<\/p>\n<p style=\"text-align: justify;\">Ma fell deoc&#8217;h enskriva\u00f1, n&#8217;h\u00e9sitit ket. An holl titouro\u00f9 a-benn da EPJ 44, an devezhio\u00f9 paseet hag enskrivadurio\u00f9, e galleg, a zo ama\u00f1.<\/p>\n<p>[\/et_pb_cta][et_pb_image src=&#8221;https:\/\/epj44.fr\/wp-content\/uploads\/2023\/05\/xMSpf7c6cVps-1rM1B7tcLTHxbc01.jpg&#8221; alt=&#8221;kamp vakanso\u00f9 EPJ 44 &#8211; Banniel Degemer&#8221; title_text=&#8221;xMSpf7c6cVps-1rM1B7tcLTHxbc0(1)&#8221; _builder_version=&#8221;4.20.2&#8243; _module_preset=&#8221;default&#8221; hover_enabled=&#8221;0&#8243; global_colors_info=&#8221;{}&#8221; sticky_enabled=&#8221;0&#8243;][\/et_pb_image][\/et_pb_column][\/et_pb_row][et_pb_row column_structure=&#8221;1_2,1_2&#8243; _builder_version=&#8221;4.20.2&#8243; _module_preset=&#8221;default&#8221; global_colors_info=&#8221;{}&#8221;][et_pb_column type=&#8221;1_2&#8243; _builder_version=&#8221;4.20.2&#8243; _module_preset=&#8221;default&#8221; global_colors_info=&#8221;{}&#8221;][et_pb_cta title=&#8221;Devenit stalier&#8221; button_url=&#8221;https:\/\/epj44.fr\/index.php\/contacts-et-dons-epj-44\/&#8221; button_text=&#8221;Kontakt&#8221; _builder_version=&#8221;4.21.0&#8243; _module_preset=&#8221;default&#8221; header_font=&#8221;Oswald||||||||&#8221; header_font_size=&#8221;30px&#8221; body_font=&#8221;Oswald||||||||&#8221; body_font_size=&#8221;17px&#8221; background_color=&#8221;#16A798&#8243; custom_button=&#8221;on&#8221; button_font=&#8221;Oswald||||||||&#8221; button_icon=&#8221;&#xf2b9;||fa||400&#8243; custom_padding=&#8221;||33px||false|false&#8221; hover_enabled=&#8221;0&#8243; global_colors_info=&#8221;{}&#8221; custom_margin=&#8221;6px||||false|false&#8221; sticky_enabled=&#8221;0&#8243;]<\/p>\n<p>Ma c&#8217;hoant deoc&#8217;h ar merenn, ne rae ket da vont war-raok ha dont da gemer perzh ganeomp !<\/p>\n<p>[\/et_pb_cta][\/et_pb_column][et_pb_column type=&#8221;1_2&#8243; _builder_version=&#8221;4.20.2&#8243; _module_preset=&#8221;default&#8221; global_colors_info=&#8221;{}&#8221;][et_pb_text _builder_version=&#8221;4.21.0&#8243; _module_preset=&#8221;default&#8221; header_3_font=&#8221;|||||on|||&#8221; custom_padding=&#8221;6px|8px|6px|8px|false|false&#8221; hover_enabled=&#8221;0&#8243; border_width_all=&#8221;7px&#8221; border_color_all=&#8221;#16A798&#8243; border_style_all=&#8221;ridge&#8221; global_colors_info=&#8221;{}&#8221; sticky_enabled=&#8221;0&#8243;]<\/p>\n<h3 style=\"text-align: justify;\"><span style=\"text-decoration: underline; font-size: x-large;\"><strong>Devenit stalier<\/strong><\/span><span style=\"text-decoration: underline;\"><strong><\/strong><\/span><\/h3>\n<p style=\"text-align: justify;\">Ma peus unan yaouank brudet o klask peseurt sizhunvezh oc&#8217;h ober gant e vuhez hag oc&#8217;h rei\u00f1 e feiz d&#8217;an dud all, ha ma c&#8217;hoari o sevel e savadurzh BAFA, e fell deomp da veza\u00f1 sikouret ganeoc&#8217;h. Setu aze eo miret hoc&#8217;h azgoulenn d&#8217;an EPJ44 ! Ar yezh brezhoneg a zo aozet ganimp ivez, a zo aotreus d&#8217;an dud yaouank hag a vo un oberouriezh dastumus ha difennet evit o sikour. Bezomp sikouret ha kandoc&#8217;h d&#8217;ar pennad-ma\u00f1 !<\/p>\n<p>[\/et_pb_text][\/et_pb_column][\/et_pb_row][\/et_pb_section]<\/p>\n","protected":false},"excerpt":{"rendered":"<p>Degemer mat war lec&#8217;hienn ar goumperien abego\u00f9 katolik : EPJ44 !Kamp vakanso\u00f9 katolik Ma breton a zo deoc&#8217;h, e vo plijadur deoc&#8217;h klevet ez eus kampio\u00f9 dudi evit ho pugale ivez. Met, mard eo bet laosket deoc&#8217;h eo eo degemeret ho pugale hag ar c&#8217;hoariva\u00f1 a blij dezho, a-raok ar re all hag a zo [&hellip;]<\/p>\n","protected":false},"author":2,"featured_media":0,"parent":0,"menu_order":0,"comment_status":"closed","ping_status":"closed","template":"","meta":{"_et_pb_use_builder":"on","_et_pb_old_content":"","_et_gb_content_width":"","inline_featured_image":false,"footnotes":""},"class_list":["post-395","page","type-page","status-publish","hentry"],"yoast_head":"<!-- This site is optimized with the Yoast SEO plugin v27.4 - https:\/\/yoast.com\/product\/yoast-seo-wordpress\/ -->\n<title>Kamp vakanso\u00f9 katolik - EPJ 44<\/title>\n<meta name=\"description\" content=\"Enskrivit ho bugel dindan ar veva\u00f1 spiritel e lec&#039;h kamp vakanso\u00f9 katolik EPJ44 evit ur sizhunvezh a c&#039;hoariva ha keit-se war an amzeradenn.\" \/>\n<meta name=\"robots\" content=\"index, follow, max-snippet:-1, max-image-preview:large, max-video-preview:-1\" \/>\n<link rel=\"canonical\" href=\"https:\/\/epj44.fr\/index.php\/bz\/kamp-vakansou-katolik\/\" \/>\n<meta property=\"og:locale\" content=\"en_US\" \/>\n<meta property=\"og:type\" content=\"article\" \/>\n<meta property=\"og:title\" content=\"Kamp vakanso\u00f9 katolik - EPJ 44\" \/>\n<meta property=\"og:description\" content=\"Enskrivit ho bugel dindan ar veva\u00f1 spiritel e lec&#039;h kamp vakanso\u00f9 katolik EPJ44 evit ur sizhunvezh a c&#039;hoariva ha keit-se war an amzeradenn.\" \/>\n<meta property=\"og:url\" content=\"https:\/\/epj44.fr\/index.php\/bz\/kamp-vakansou-katolik\/\" \/>\n<meta property=\"og:site_name\" content=\"Ecole de Pri\u00e8re des Jeunes 44\" \/>\n<meta property=\"article:publisher\" content=\"https:\/\/m.facebook.com\/profile.php?id=100070243420332&amp;_rdr\" \/>\n<meta property=\"article:modified_time\" content=\"2023-05-19T11:16:46+00:00\" \/>\n<meta name=\"twitter:card\" content=\"summary_large_image\" \/>\n<meta name=\"twitter:label1\" content=\"Est. reading time\" \/>\n\t<meta name=\"twitter:data1\" content=\"4 minutes\" \/>\n<script type=\"application\/ld+json\" class=\"yoast-schema-graph\">{\"@context\":\"https:\\\/\\\/schema.org\",\"@graph\":[{\"@type\":\"WebPage\",\"@id\":\"https:\\\/\\\/epj44.fr\\\/index.php\\\/bz\\\/kamp-vakansou-katolik\\\/\",\"url\":\"https:\\\/\\\/epj44.fr\\\/index.php\\\/bz\\\/kamp-vakansou-katolik\\\/\",\"name\":\"Kamp vakanso\u00f9 katolik - EPJ 44\",\"isPartOf\":{\"@id\":\"https:\\\/\\\/epj44.fr\\\/#website\"},\"datePublished\":\"2023-04-22T11:13:27+00:00\",\"dateModified\":\"2023-05-19T11:16:46+00:00\",\"description\":\"Enskrivit ho bugel dindan ar veva\u00f1 spiritel e lec'h kamp vakanso\u00f9 katolik EPJ44 evit ur sizhunvezh a c'hoariva ha keit-se war an amzeradenn.\",\"breadcrumb\":{\"@id\":\"https:\\\/\\\/epj44.fr\\\/index.php\\\/bz\\\/kamp-vakansou-katolik\\\/#breadcrumb\"},\"inLanguage\":\"en-US\",\"potentialAction\":[{\"@type\":\"ReadAction\",\"target\":[\"https:\\\/\\\/epj44.fr\\\/index.php\\\/bz\\\/kamp-vakansou-katolik\\\/\"]}]},{\"@type\":\"BreadcrumbList\",\"@id\":\"https:\\\/\\\/epj44.fr\\\/index.php\\\/bz\\\/kamp-vakansou-katolik\\\/#breadcrumb\",\"itemListElement\":[{\"@type\":\"ListItem\",\"position\":1,\"name\":\"Accueil\",\"item\":\"https:\\\/\\\/epj44.fr\\\/\"},{\"@type\":\"ListItem\",\"position\":2,\"name\":\"Degemer\"}]},{\"@type\":\"WebSite\",\"@id\":\"https:\\\/\\\/epj44.fr\\\/#website\",\"url\":\"https:\\\/\\\/epj44.fr\\\/\",\"name\":\"Ecole de Pri\u00e8re des Jeunes 44\",\"description\":\"\u00abMettez-vous \u00e0 mon \u00e9cole car je suis doux et humble de c\u0153ur \u00bb\",\"potentialAction\":[{\"@type\":\"SearchAction\",\"target\":{\"@type\":\"EntryPoint\",\"urlTemplate\":\"https:\\\/\\\/epj44.fr\\\/?s={search_term_string}\"},\"query-input\":{\"@type\":\"PropertyValueSpecification\",\"valueRequired\":true,\"valueName\":\"search_term_string\"}}],\"inLanguage\":\"en-US\"}]}<\/script>\n<!-- \/ Yoast SEO plugin. -->","yoast_head_json":{"title":"Kamp vakanso\u00f9 katolik - EPJ 44","description":"Enskrivit ho bugel dindan ar veva\u00f1 spiritel e lec'h kamp vakanso\u00f9 katolik EPJ44 evit ur sizhunvezh a c'hoariva ha keit-se war an amzeradenn.","robots":{"index":"index","follow":"follow","max-snippet":"max-snippet:-1","max-image-preview":"max-image-preview:large","max-video-preview":"max-video-preview:-1"},"canonical":"https:\/\/epj44.fr\/index.php\/bz\/kamp-vakansou-katolik\/","og_locale":"en_US","og_type":"article","og_title":"Kamp vakanso\u00f9 katolik - EPJ 44","og_description":"Enskrivit ho bugel dindan ar veva\u00f1 spiritel e lec'h kamp vakanso\u00f9 katolik EPJ44 evit ur sizhunvezh a c'hoariva ha keit-se war an amzeradenn.","og_url":"https:\/\/epj44.fr\/index.php\/bz\/kamp-vakansou-katolik\/","og_site_name":"Ecole de Pri\u00e8re des Jeunes 44","article_publisher":"https:\/\/m.facebook.com\/profile.php?id=100070243420332&_rdr","article_modified_time":"2023-05-19T11:16:46+00:00","twitter_card":"summary_large_image","twitter_misc":{"Est. reading time":"4 minutes"},"schema":{"@context":"https:\/\/schema.org","@graph":[{"@type":"WebPage","@id":"https:\/\/epj44.fr\/index.php\/bz\/kamp-vakansou-katolik\/","url":"https:\/\/epj44.fr\/index.php\/bz\/kamp-vakansou-katolik\/","name":"Kamp vakanso\u00f9 katolik - EPJ 44","isPartOf":{"@id":"https:\/\/epj44.fr\/#website"},"datePublished":"2023-04-22T11:13:27+00:00","dateModified":"2023-05-19T11:16:46+00:00","description":"Enskrivit ho bugel dindan ar veva\u00f1 spiritel e lec'h kamp vakanso\u00f9 katolik EPJ44 evit ur sizhunvezh a c'hoariva ha keit-se war an amzeradenn.","breadcrumb":{"@id":"https:\/\/epj44.fr\/index.php\/bz\/kamp-vakansou-katolik\/#breadcrumb"},"inLanguage":"en-US","potentialAction":[{"@type":"ReadAction","target":["https:\/\/epj44.fr\/index.php\/bz\/kamp-vakansou-katolik\/"]}]},{"@type":"BreadcrumbList","@id":"https:\/\/epj44.fr\/index.php\/bz\/kamp-vakansou-katolik\/#breadcrumb","itemListElement":[{"@type":"ListItem","position":1,"name":"Accueil","item":"https:\/\/epj44.fr\/"},{"@type":"ListItem","position":2,"name":"Degemer"}]},{"@type":"WebSite","@id":"https:\/\/epj44.fr\/#website","url":"https:\/\/epj44.fr\/","name":"Ecole de Pri\u00e8re des Jeunes 44","description":"\u00abMettez-vous \u00e0 mon \u00e9cole car je suis doux et humble de c\u0153ur \u00bb","potentialAction":[{"@type":"SearchAction","target":{"@type":"EntryPoint","urlTemplate":"https:\/\/epj44.fr\/?s={search_term_string}"},"query-input":{"@type":"PropertyValueSpecification","valueRequired":true,"valueName":"search_term_string"}}],"inLanguage":"en-US"}]}},"_links":{"self":[{"href":"https:\/\/epj44.fr\/index.php\/wp-json\/wp\/v2\/pages\/395","targetHints":{"allow":["GET"]}}],"collection":[{"href":"https:\/\/epj44.fr\/index.php\/wp-json\/wp\/v2\/pages"}],"about":[{"href":"https:\/\/epj44.fr\/index.php\/wp-json\/wp\/v2\/types\/page"}],"author":[{"embeddable":true,"href":"https:\/\/epj44.fr\/index.php\/wp-json\/wp\/v2\/users\/2"}],"replies":[{"embeddable":true,"href":"https:\/\/epj44.fr\/index.php\/wp-json\/wp\/v2\/comments?post=395"}],"version-history":[{"count":21,"href":"https:\/\/epj44.fr\/index.php\/wp-json\/wp\/v2\/pages\/395\/revisions"}],"predecessor-version":[{"id":921,"href":"https:\/\/epj44.fr\/index.php\/wp-json\/wp\/v2\/pages\/395\/revisions\/921"}],"wp:attachment":[{"href":"https:\/\/epj44.fr\/index.php\/wp-json\/wp\/v2\/media?parent=395"}],"curies":[{"name":"wp","href":"https:\/\/api.w.org\/{rel}","templated":true}]}}