{"id":391,"date":"2023-04-22T13:09:01","date_gmt":"2023-04-22T11:09:01","guid":{"rendered":"https:\/\/epj44.fr\/?page_id=391"},"modified":"2023-05-18T22:00:46","modified_gmt":"2023-05-18T20:00:46","slug":"campamento-biblico-epj-44","status":"publish","type":"page","link":"https:\/\/epj44.fr\/index.php\/es\/campamento-biblico-epj-44\/","title":{"rendered":"P\u00e1gina principal"},"content":{"rendered":"<p>[et_pb_section fb_built=&#8221;1&#8243; _builder_version=&#8221;4.20.2&#8243; _module_preset=&#8221;default&#8221; custom_padding=&#8221;10px||||false|false&#8221; global_colors_info=&#8221;{}&#8221;][et_pb_row _builder_version=&#8221;4.20.2&#8243; _module_preset=&#8221;default&#8221; global_colors_info=&#8221;{}&#8221;][et_pb_column type=&#8221;4_4&#8243; _builder_version=&#8221;4.20.2&#8243; _module_preset=&#8221;default&#8221; global_colors_info=&#8221;{}&#8221;][et_pb_text _builder_version=&#8221;4.21.0&#8243; _module_preset=&#8221;default&#8221; text_font=&#8221;|600||||on|||&#8221; text_font_size=&#8221;36px&#8221; header_text_align=&#8221;center&#8221; custom_padding=&#8221;20px||20px||false|false&#8221; hover_enabled=&#8221;0&#8243; border_width_all=&#8221;7px&#8221; border_color_all=&#8221;#16A798&#8243; border_style_all=&#8221;groove&#8221; global_colors_info=&#8221;{}&#8221; text_orientation=&#8221;center&#8221; sticky_enabled=&#8221;0&#8243;]<\/p>\n<p><span style=\"color: #16a798;\">\u00a1Bienvenidos a la p\u00e1gina web del campamento B\u00edblico <span style=\"font-size: xx-large;\">EPJ 44<\/span> !<\/span><\/p>\n<p>[\/et_pb_text][\/et_pb_column][\/et_pb_row][et_pb_row column_structure=&#8221;1_2,1_2&#8243; _builder_version=&#8221;4.20.2&#8243; _module_preset=&#8221;default&#8221; custom_padding=&#8221;0px||0px||false|false&#8221; global_colors_info=&#8221;{}&#8221;][et_pb_column type=&#8221;1_2&#8243; _builder_version=&#8221;4.20.2&#8243; _module_preset=&#8221;default&#8221; global_colors_info=&#8221;{}&#8221;][et_pb_image src=&#8221;https:\/\/epj44.fr\/wp-content\/uploads\/2023\/05\/EPJ-enfants-2.jpg&#8221; alt=&#8221;Campamento B\u00edblico EPJ 44 &#8211; Ni\u00f1os del EPJ 44 delante de Saint-donatien&#8221; title_text=&#8221;EPJ enfants&#8221; _builder_version=&#8221;4.20.2&#8243; _module_preset=&#8221;default&#8221; module_alignment=&#8221;center&#8221; custom_padding=&#8221;0px||0px||false|false&#8221; global_colors_info=&#8221;{}&#8221;][\/et_pb_image][\/et_pb_column][et_pb_column type=&#8221;1_2&#8243; _builder_version=&#8221;4.20.2&#8243; _module_preset=&#8221;default&#8221; global_colors_info=&#8221;{}&#8221;][et_pb_image src=&#8221;https:\/\/epj44.fr\/wp-content\/uploads\/2023\/05\/epj-2019_header.jpg&#8221; alt=&#8221;Campamento B\u00edblico EPJ 44 &#8211; Los ni\u00f1os y el equipo EPJ 44&#8243; title_text=&#8221;epj-2019_header&#8221; align=&#8221;center&#8221; _builder_version=&#8221;4.20.2&#8243; _module_preset=&#8221;default&#8221; module_alignment=&#8221;center&#8221; global_colors_info=&#8221;{}&#8221;][\/et_pb_image][\/et_pb_column][\/et_pb_row][et_pb_row _builder_version=&#8221;4.20.2&#8243; _module_preset=&#8221;default&#8221; global_colors_info=&#8221;{}&#8221;][et_pb_column type=&#8221;4_4&#8243; _builder_version=&#8221;4.20.2&#8243; _module_preset=&#8221;default&#8221; global_colors_info=&#8221;{}&#8221;][et_pb_divider color=&#8221;#16A798&#8243; divider_style=&#8221;groove&#8221; divider_position=&#8221;center&#8221; divider_weight=&#8221;8px&#8221; _builder_version=&#8221;4.21.0&#8243; _module_preset=&#8221;default&#8221; custom_margin=&#8221;||||false|false&#8221; custom_padding=&#8221;0px||0px||false|false&#8221; global_colors_info=&#8221;{}&#8221;][\/et_pb_divider][\/et_pb_column][\/et_pb_row][et_pb_row column_structure=&#8221;1_2,1_2&#8243; _builder_version=&#8221;4.20.2&#8243; _module_preset=&#8221;default&#8221; custom_padding=&#8221;0px||0px||false|false&#8221; global_colors_info=&#8221;{}&#8221;][et_pb_column type=&#8221;1_2&#8243; _builder_version=&#8221;4.20.2&#8243; _module_preset=&#8221;default&#8221; global_colors_info=&#8221;{}&#8221;][et_pb_text _builder_version=&#8221;4.21.0&#8243; _module_preset=&#8221;default&#8221; global_colors_info=&#8221;{}&#8221;]<\/p>\n<h3><span style=\"text-decoration: underline; font-size: large; color: rgba(22, 167, 152, 0.94);\"><strong>\u00bfQui\u00e9nes somos?<\/strong><\/span><\/h3>\n<p style=\"text-align: justify;\">Somos una asociaci\u00f3n francesa que ofrece campamentos vacacionales con tem\u00e1tica cat\u00f3lica para j\u00f3venes menores de 18 a\u00f1os.<\/p>\n<p style=\"text-align: justify;\">Nuestra misi\u00f3n, durante el campamento b\u00edblico <a href=\"https:\/\/epj44.fr\/index.php\/es\/campamento-biblico-epj-44\/\">EPJ 44<\/a>, es proporcionar un ambiente seguro y enriquecedor donde los j\u00f3venes puedan profundizar su fe, desarrollar nuevas amistades y divertirse. Creemos que nuestros campamentos ofrecen una oportunidad \u00fanica para que los ni\u00f1os crezcan espiritual y emocionalmente.<\/p>\n<p style=\"text-align: justify;\">Nuestros campamentos son dirigidos por un personal experimentado y calificado que est\u00e1 apasionado por crear una experiencia positiva y atractiva para nuestros campistas. Ofrecemos una variedad de actividades, incluyendo oraci\u00f3n, reflexi\u00f3n, discusiones en grupo, juegos y aventuras al aire libre. Nos esforzamos por hacer que cada campamento sea una experiencia memorable y transformadora para todos los que asisten.<\/p>\n<p>[\/et_pb_text][\/et_pb_column][et_pb_column type=&#8221;1_2&#8243; _builder_version=&#8221;4.20.2&#8243; _module_preset=&#8221;default&#8221; global_colors_info=&#8221;{}&#8221;][et_pb_image src=&#8221;https:\/\/epj44.fr\/wp-content\/uploads\/2023\/05\/45223ce8-c9e1-4dff-af48-e410ca839535-scaled.jpg&#8221; alt=&#8221; Campamento B\u00edblico EPJ 44 &#8211; ni\u00f1os delante de la casa Saint-Donatien&#8221; title_text=&#8221;45223ce8-c9e1-4dff-af48-e410ca839535&#8243; _builder_version=&#8221;4.20.2&#8243; _module_preset=&#8221;default&#8221; global_colors_info=&#8221;{}&#8221;][\/et_pb_image][\/et_pb_column][\/et_pb_row][et_pb_row _builder_version=&#8221;4.20.2&#8243; _module_preset=&#8221;default&#8221; global_colors_info=&#8221;{}&#8221;][et_pb_column type=&#8221;4_4&#8243; _builder_version=&#8221;4.20.2&#8243; _module_preset=&#8221;default&#8221; global_colors_info=&#8221;{}&#8221;][et_pb_text _builder_version=&#8221;4.20.2&#8243; _module_preset=&#8221;default&#8221; global_colors_info=&#8221;{}&#8221;]<\/p>\n<h3 class=\"flex flex-grow flex-col gap-3\"><span style=\"text-decoration: underline; font-size: large; color: rgba(224, 153, 0, 0.84);\"><strong> \u00bfC\u00f3mo ayudarnos?<\/strong><\/span><\/h3>\n<p>La misi\u00f3n de EPJ 44 no ser\u00eda posible sin el apoyo de personas como usted. Cada donaci\u00f3n, por peque\u00f1a que sea, hace una gran diferencia en la vida de los ni\u00f1os de nuestra comunidad. Estamos agradecidos por su generosidad y por compartir nuestra visi\u00f3n de proporcionar un ambiente seguro y enriquecedor para el crecimiento espiritual de los j\u00f3venes.<\/p>\n<p>Su contribuci\u00f3n nos permitir\u00e1 seguir brindando actividades enriquecedoras y programas que fomenten el desarrollo integral de los j\u00f3venes. Esperamos contar con su apoyo para continuar nuestro trabajo y lograr un impacto positivo en la vida de m\u00e1s j\u00f3venes de nuestra comunidad. Una vez m\u00e1s, le agradecemos por su generosidad y por ser parte de la familia EPJ 44.<\/p>\n<p>Cada donaci\u00f3n, sin importar su tama\u00f1o, es apreciada y utilizada para brindar experiencias significativas a los ni\u00f1os y adolescentes. \u00a1Gracias por su apoyo!<\/p>\n<p>[\/et_pb_text][\/et_pb_column][\/et_pb_row][et_pb_row column_structure=&#8221;1_3,2_3&#8243; _builder_version=&#8221;4.20.2&#8243; _module_preset=&#8221;default&#8221; global_colors_info=&#8221;{}&#8221;][et_pb_column type=&#8221;1_3&#8243; _builder_version=&#8221;4.20.2&#8243; _module_preset=&#8221;default&#8221; global_colors_info=&#8221;{}&#8221;][et_pb_image src=&#8221;https:\/\/epj44.fr\/wp-content\/uploads\/2023\/05\/Recrutement-de-benevoles-coeur-en-ombre-chinoise-1-1.jpg&#8221; alt=&#8221; Campamento B\u00edblico EPJ 44 &#8211; coraz\u00f3n en la sombra&#8221; title_text=&#8221;Recrutement de b\u00e9n\u00e9voles &#8211; coeur en ombre chinoise&#8221; align=&#8221;center&#8221; _builder_version=&#8221;4.21.0&#8243; _module_preset=&#8221;default&#8221; global_colors_info=&#8221;{}&#8221;][\/et_pb_image][\/et_pb_column][et_pb_column type=&#8221;2_3&#8243; _builder_version=&#8221;4.20.2&#8243; _module_preset=&#8221;default&#8221; global_colors_info=&#8221;{}&#8221;][et_pb_cta title=&#8221;Donativos&#8221; button_url=&#8221;https:\/\/diocese44.fr\/dons\/don-en-ligne\/&#8221; button_text=&#8221;Hacer un donativo&#8221; _builder_version=&#8221;4.21.0&#8243; _module_preset=&#8221;default&#8221; header_font=&#8221;Oswald||||||||&#8221; header_font_size=&#8221;34px&#8221; body_font=&#8221;Oswald||||||||&#8221; body_font_size=&#8221;18px&#8221; background_color=&#8221;#16A798&#8243; custom_button=&#8221;on&#8221; button_font=&#8221;Oswald||||||||&#8221; button_icon=&#8221;&#xf51e;||fa||900&#8243; custom_padding=&#8221;28px||32px||false|false&#8221; global_colors_info=&#8221;{}&#8221;]<\/p>\n<p>Apoye nuestra misi\u00f3n con los j\u00f3venes haciendo una donaci\u00f3n a EPJ 44. Su contribuci\u00f3n nos permitir\u00e1 ofrecer actividades enriquecedoras y acompa\u00f1ar a cada joven en su camino espiritual.<\/p>\n<p>\u00a1Gracias de antemano por su generosidad!<\/p>\n<p>[\/et_pb_cta][\/et_pb_column][\/et_pb_row][\/et_pb_section]<\/p>\n","protected":false},"excerpt":{"rendered":"<p>\u00a1Bienvenidos a la p\u00e1gina web del campamento B\u00edblico EPJ 44 !\u00bfQui\u00e9nes somos? Somos una asociaci\u00f3n francesa que ofrece campamentos vacacionales con tem\u00e1tica cat\u00f3lica para j\u00f3venes menores de 18 a\u00f1os. Nuestra misi\u00f3n, durante el campamento b\u00edblico EPJ 44, es proporcionar un ambiente seguro y enriquecedor donde los j\u00f3venes puedan profundizar su fe, desarrollar nuevas amistades y [&hellip;]<\/p>\n","protected":false},"author":2,"featured_media":0,"parent":0,"menu_order":0,"comment_status":"closed","ping_status":"closed","template":"","meta":{"_et_pb_use_builder":"on","_et_pb_old_content":"","_et_gb_content_width":"","inline_featured_image":false,"footnotes":""},"class_list":["post-391","page","type-page","status-publish","hentry"],"yoast_head":"<!-- This site is optimized with the Yoast SEO plugin v27.4 - https:\/\/yoast.com\/product\/yoast-seo-wordpress\/ -->\n<title>Campamento B\u00edblico EPJ 44<\/title>\n<meta name=\"description\" content=\"El campamento b\u00edblico EPJ 44 permite a ni\u00f1os profundizar su relaci\u00f3n con la religi\u00f3n cat\u00f3lica durante una semana de fraternidad y fe.\" \/>\n<meta name=\"robots\" content=\"index, follow, max-snippet:-1, max-image-preview:large, max-video-preview:-1\" \/>\n<link rel=\"canonical\" href=\"https:\/\/epj44.fr\/index.php\/es\/campamento-biblico-epj-44\/\" \/>\n<meta property=\"og:locale\" content=\"en_US\" \/>\n<meta property=\"og:type\" content=\"article\" \/>\n<meta property=\"og:title\" content=\"Campamento B\u00edblico EPJ 44\" \/>\n<meta property=\"og:description\" content=\"El campamento b\u00edblico EPJ 44 permite a ni\u00f1os profundizar su relaci\u00f3n con la religi\u00f3n cat\u00f3lica durante una semana de fraternidad y fe.\" \/>\n<meta property=\"og:url\" content=\"https:\/\/epj44.fr\/index.php\/es\/campamento-biblico-epj-44\/\" \/>\n<meta property=\"og:site_name\" content=\"Ecole de Pri\u00e8re des Jeunes 44\" \/>\n<meta property=\"article:publisher\" content=\"https:\/\/m.facebook.com\/profile.php?id=100070243420332&amp;_rdr\" \/>\n<meta property=\"article:modified_time\" content=\"2023-05-18T20:00:46+00:00\" \/>\n<meta name=\"twitter:card\" content=\"summary_large_image\" \/>\n<meta name=\"twitter:label1\" content=\"Est. reading time\" \/>\n\t<meta name=\"twitter:data1\" content=\"3 minutes\" \/>\n<script type=\"application\/ld+json\" class=\"yoast-schema-graph\">{\"@context\":\"https:\\\/\\\/schema.org\",\"@graph\":[{\"@type\":\"WebPage\",\"@id\":\"https:\\\/\\\/epj44.fr\\\/index.php\\\/es\\\/campamento-biblico-epj-44\\\/\",\"url\":\"https:\\\/\\\/epj44.fr\\\/index.php\\\/es\\\/campamento-biblico-epj-44\\\/\",\"name\":\"Campamento B\u00edblico EPJ 44\",\"isPartOf\":{\"@id\":\"https:\\\/\\\/epj44.fr\\\/#website\"},\"datePublished\":\"2023-04-22T11:09:01+00:00\",\"dateModified\":\"2023-05-18T20:00:46+00:00\",\"description\":\"El campamento b\u00edblico EPJ 44 permite a ni\u00f1os profundizar su relaci\u00f3n con la religi\u00f3n cat\u00f3lica durante una semana de fraternidad y fe.\",\"breadcrumb\":{\"@id\":\"https:\\\/\\\/epj44.fr\\\/index.php\\\/es\\\/campamento-biblico-epj-44\\\/#breadcrumb\"},\"inLanguage\":\"en-US\",\"potentialAction\":[{\"@type\":\"ReadAction\",\"target\":[\"https:\\\/\\\/epj44.fr\\\/index.php\\\/es\\\/campamento-biblico-epj-44\\\/\"]}]},{\"@type\":\"BreadcrumbList\",\"@id\":\"https:\\\/\\\/epj44.fr\\\/index.php\\\/es\\\/campamento-biblico-epj-44\\\/#breadcrumb\",\"itemListElement\":[{\"@type\":\"ListItem\",\"position\":1,\"name\":\"Accueil\",\"item\":\"https:\\\/\\\/epj44.fr\\\/\"},{\"@type\":\"ListItem\",\"position\":2,\"name\":\"P\u00e1gina principal\"}]},{\"@type\":\"WebSite\",\"@id\":\"https:\\\/\\\/epj44.fr\\\/#website\",\"url\":\"https:\\\/\\\/epj44.fr\\\/\",\"name\":\"Ecole de Pri\u00e8re des Jeunes 44\",\"description\":\"\u00abMettez-vous \u00e0 mon \u00e9cole car je suis doux et humble de c\u0153ur \u00bb\",\"potentialAction\":[{\"@type\":\"SearchAction\",\"target\":{\"@type\":\"EntryPoint\",\"urlTemplate\":\"https:\\\/\\\/epj44.fr\\\/?s={search_term_string}\"},\"query-input\":{\"@type\":\"PropertyValueSpecification\",\"valueRequired\":true,\"valueName\":\"search_term_string\"}}],\"inLanguage\":\"en-US\"}]}<\/script>\n<!-- \/ Yoast SEO plugin. -->","yoast_head_json":{"title":"Campamento B\u00edblico EPJ 44","description":"El campamento b\u00edblico EPJ 44 permite a ni\u00f1os profundizar su relaci\u00f3n con la religi\u00f3n cat\u00f3lica durante una semana de fraternidad y fe.","robots":{"index":"index","follow":"follow","max-snippet":"max-snippet:-1","max-image-preview":"max-image-preview:large","max-video-preview":"max-video-preview:-1"},"canonical":"https:\/\/epj44.fr\/index.php\/es\/campamento-biblico-epj-44\/","og_locale":"en_US","og_type":"article","og_title":"Campamento B\u00edblico EPJ 44","og_description":"El campamento b\u00edblico EPJ 44 permite a ni\u00f1os profundizar su relaci\u00f3n con la religi\u00f3n cat\u00f3lica durante una semana de fraternidad y fe.","og_url":"https:\/\/epj44.fr\/index.php\/es\/campamento-biblico-epj-44\/","og_site_name":"Ecole de Pri\u00e8re des Jeunes 44","article_publisher":"https:\/\/m.facebook.com\/profile.php?id=100070243420332&_rdr","article_modified_time":"2023-05-18T20:00:46+00:00","twitter_card":"summary_large_image","twitter_misc":{"Est. reading time":"3 minutes"},"schema":{"@context":"https:\/\/schema.org","@graph":[{"@type":"WebPage","@id":"https:\/\/epj44.fr\/index.php\/es\/campamento-biblico-epj-44\/","url":"https:\/\/epj44.fr\/index.php\/es\/campamento-biblico-epj-44\/","name":"Campamento B\u00edblico EPJ 44","isPartOf":{"@id":"https:\/\/epj44.fr\/#website"},"datePublished":"2023-04-22T11:09:01+00:00","dateModified":"2023-05-18T20:00:46+00:00","description":"El campamento b\u00edblico EPJ 44 permite a ni\u00f1os profundizar su relaci\u00f3n con la religi\u00f3n cat\u00f3lica durante una semana de fraternidad y fe.","breadcrumb":{"@id":"https:\/\/epj44.fr\/index.php\/es\/campamento-biblico-epj-44\/#breadcrumb"},"inLanguage":"en-US","potentialAction":[{"@type":"ReadAction","target":["https:\/\/epj44.fr\/index.php\/es\/campamento-biblico-epj-44\/"]}]},{"@type":"BreadcrumbList","@id":"https:\/\/epj44.fr\/index.php\/es\/campamento-biblico-epj-44\/#breadcrumb","itemListElement":[{"@type":"ListItem","position":1,"name":"Accueil","item":"https:\/\/epj44.fr\/"},{"@type":"ListItem","position":2,"name":"P\u00e1gina principal"}]},{"@type":"WebSite","@id":"https:\/\/epj44.fr\/#website","url":"https:\/\/epj44.fr\/","name":"Ecole de Pri\u00e8re des Jeunes 44","description":"\u00abMettez-vous \u00e0 mon \u00e9cole car je suis doux et humble de c\u0153ur \u00bb","potentialAction":[{"@type":"SearchAction","target":{"@type":"EntryPoint","urlTemplate":"https:\/\/epj44.fr\/?s={search_term_string}"},"query-input":{"@type":"PropertyValueSpecification","valueRequired":true,"valueName":"search_term_string"}}],"inLanguage":"en-US"}]}},"_links":{"self":[{"href":"https:\/\/epj44.fr\/index.php\/wp-json\/wp\/v2\/pages\/391","targetHints":{"allow":["GET"]}}],"collection":[{"href":"https:\/\/epj44.fr\/index.php\/wp-json\/wp\/v2\/pages"}],"about":[{"href":"https:\/\/epj44.fr\/index.php\/wp-json\/wp\/v2\/types\/page"}],"author":[{"embeddable":true,"href":"https:\/\/epj44.fr\/index.php\/wp-json\/wp\/v2\/users\/2"}],"replies":[{"embeddable":true,"href":"https:\/\/epj44.fr\/index.php\/wp-json\/wp\/v2\/comments?post=391"}],"version-history":[{"count":20,"href":"https:\/\/epj44.fr\/index.php\/wp-json\/wp\/v2\/pages\/391\/revisions"}],"predecessor-version":[{"id":906,"href":"https:\/\/epj44.fr\/index.php\/wp-json\/wp\/v2\/pages\/391\/revisions\/906"}],"wp:attachment":[{"href":"https:\/\/epj44.fr\/index.php\/wp-json\/wp\/v2\/media?parent=391"}],"curies":[{"name":"wp","href":"https:\/\/api.w.org\/{rel}","templated":true}]}}