{"id":384,"date":"2023-04-22T12:27:36","date_gmt":"2023-04-22T10:27:36","guid":{"rendered":"https:\/\/epj44.fr\/?page_id=384"},"modified":"2023-05-18T21:59:57","modified_gmt":"2023-05-18T19:59:57","slug":"epj-44-bible-camp","status":"publish","type":"page","link":"https:\/\/epj44.fr\/index.php\/en\/epj-44-bible-camp\/","title":{"rendered":"Homepage"},"content":{"rendered":"<p>[et_pb_section fb_built=&#8221;1&#8243; _builder_version=&#8221;4.20.2&#8243; _module_preset=&#8221;default&#8221; custom_padding=&#8221;10px||||false|false&#8221; global_colors_info=&#8221;{}&#8221;][et_pb_row _builder_version=&#8221;4.20.2&#8243; _module_preset=&#8221;default&#8221; global_colors_info=&#8221;{}&#8221;][et_pb_column type=&#8221;4_4&#8243; _builder_version=&#8221;4.20.2&#8243; _module_preset=&#8221;default&#8221; global_colors_info=&#8221;{}&#8221;][et_pb_text _builder_version=&#8221;4.21.0&#8243; _module_preset=&#8221;default&#8221; text_font=&#8221;|600||||on|||&#8221; text_text_color=&#8221;#16A798&#8243; text_font_size=&#8221;40px&#8221; header_text_align=&#8221;center&#8221; custom_padding=&#8221;20px||20px||false|false&#8221; hover_enabled=&#8221;0&#8243; border_width_all=&#8221;7px&#8221; border_color_all=&#8221;#16A798&#8243; border_style_all=&#8221;groove&#8221; global_colors_info=&#8221;{}&#8221; text_orientation=&#8221;center&#8221; sticky_enabled=&#8221;0&#8243;]<\/p>\n<p>Welcome to the EPJ 44 Bible camp webpage!<\/p>\n<p>[\/et_pb_text][\/et_pb_column][\/et_pb_row][et_pb_row column_structure=&#8221;1_2,1_2&#8243; _builder_version=&#8221;4.20.2&#8243; _module_preset=&#8221;default&#8221; custom_padding=&#8221;0px||0px||false|false&#8221; global_colors_info=&#8221;{}&#8221;][et_pb_column type=&#8221;1_2&#8243; _builder_version=&#8221;4.20.2&#8243; _module_preset=&#8221;default&#8221; global_colors_info=&#8221;{}&#8221;][et_pb_image src=&#8221;https:\/\/epj44.fr\/wp-content\/uploads\/2023\/05\/EPJ-enfants-2.jpg&#8221; alt=&#8221;The children of the EPJ 44 Bible Camp in front of Saint-donatien&#8221; title_text=&#8221;EPJ enfants&#8221; _builder_version=&#8221;4.20.2&#8243; _module_preset=&#8221;default&#8221; module_alignment=&#8221;center&#8221; custom_padding=&#8221;0px||0px||false|false&#8221; global_colors_info=&#8221;{}&#8221;][\/et_pb_image][\/et_pb_column][et_pb_column type=&#8221;1_2&#8243; _builder_version=&#8221;4.20.2&#8243; _module_preset=&#8221;default&#8221; global_colors_info=&#8221;{}&#8221;][et_pb_image src=&#8221;https:\/\/epj44.fr\/wp-content\/uploads\/2023\/05\/epj-2019_header.jpg&#8221; alt=&#8221;The children and team of the EPJ 44 Bible camp&#8221; title_text=&#8221;epj-2019_header&#8221; align=&#8221;center&#8221; _builder_version=&#8221;4.20.2&#8243; _module_preset=&#8221;default&#8221; module_alignment=&#8221;center&#8221; global_colors_info=&#8221;{}&#8221;][\/et_pb_image][\/et_pb_column][\/et_pb_row][et_pb_row _builder_version=&#8221;4.20.2&#8243; _module_preset=&#8221;default&#8221; global_colors_info=&#8221;{}&#8221;][et_pb_column type=&#8221;4_4&#8243; _builder_version=&#8221;4.20.2&#8243; _module_preset=&#8221;default&#8221; global_colors_info=&#8221;{}&#8221;][et_pb_divider color=&#8221;#16A798&#8243; divider_style=&#8221;groove&#8221; divider_position=&#8221;center&#8221; divider_weight=&#8221;8px&#8221; _builder_version=&#8221;4.21.0&#8243; _module_preset=&#8221;default&#8221; custom_margin=&#8221;||||false|false&#8221; custom_padding=&#8221;0px||0px||false|false&#8221; global_colors_info=&#8221;{}&#8221;][\/et_pb_divider][\/et_pb_column][\/et_pb_row][et_pb_row column_structure=&#8221;1_2,1_2&#8243; _builder_version=&#8221;4.20.2&#8243; _module_preset=&#8221;default&#8221; custom_padding=&#8221;0px||0px||false|false&#8221; global_colors_info=&#8221;{}&#8221;][et_pb_column type=&#8221;1_2&#8243; _builder_version=&#8221;4.20.2&#8243; _module_preset=&#8221;default&#8221; global_colors_info=&#8221;{}&#8221;][et_pb_text _builder_version=&#8221;4.20.2&#8243; _module_preset=&#8221;default&#8221; custom_padding=&#8221;0px|||||&#8221; global_colors_info=&#8221;{}&#8221;]<\/p>\n<h3><span style=\"text-decoration: underline; font-size: x-large; color: rgba(22, 167, 152, 0.85);\"><strong>Who are we?<\/strong><\/span><\/h3>\n<p style=\"text-align: justify;\">We are a French association that offers Catholic-themed vacation camps for children under 18.<\/p>\n<p style=\"text-align: justify;\">The mission of the <a href=\"https:\/\/epj44.fr\/index.php\/en\/epj-44-bible-camp\/\">EPJ 44<\/a> bible camp is to provide an enriching environment where young people can deepen their faith, develop new friendships, and have fun. We believe that our camps offer a unique opportunity for children to grow spiritually and emotionally.<\/p>\n<p style=\"text-align: justify;\">Our one-week camps are led by experienced and qualified staff who are passionate about creating a positive and engaging experiences. We offer a variety of activities, including prayer, reflection, group discussions, games, and outdoor adventures. We strive to make each camp a memorable and life-changing experience for all who attend.<\/p>\n<p>[\/et_pb_text][\/et_pb_column][et_pb_column type=&#8221;1_2&#8243; _builder_version=&#8221;4.20.2&#8243; _module_preset=&#8221;default&#8221; global_colors_info=&#8221;{}&#8221;][et_pb_image src=&#8221;https:\/\/epj44.fr\/wp-content\/uploads\/2023\/05\/45223ce8-c9e1-4dff-af48-e410ca839535-scaled.jpg&#8221; alt=&#8221;The EPJ 44 Bible camp children in front of the Saint-Donatien house&#8221; title_text=&#8221;45223ce8-c9e1-4dff-af48-e410ca839535&#8243; _builder_version=&#8221;4.20.2&#8243; _module_preset=&#8221;default&#8221; global_colors_info=&#8221;{}&#8221;][\/et_pb_image][\/et_pb_column][\/et_pb_row][et_pb_row _builder_version=&#8221;4.20.2&#8243; _module_preset=&#8221;default&#8221; custom_padding=&#8221;10px||||false|false&#8221; global_colors_info=&#8221;{}&#8221;][et_pb_column type=&#8221;4_4&#8243; _builder_version=&#8221;4.20.2&#8243; _module_preset=&#8221;default&#8221; global_colors_info=&#8221;{}&#8221;][et_pb_text _builder_version=&#8221;4.20.2&#8243; _module_preset=&#8221;default&#8221; global_colors_info=&#8221;{}&#8221;]<\/p>\n<p style=\"text-align: justify;\">\n<h3><span style=\"text-decoration: underline; color: rgba(224, 153, 0, 0.86);\"><strong>How to help us?<\/strong><\/span><\/h3>\n<p style=\"text-align: justify;\">Over the years, our association has been blessed with a strong network of supporters. They believe in our mission to provide a safe, nurturing environment for young people to deepen their faith and spiritual growth. Your donation to the EPJ 44 will enable us to expand our programs and reach more children in our community, who may otherwise not have access to these life-changing experiences. As a non-profit organization, we rely on the generosity of donors like you to continue our important work. Your contribution, no matter the amount, is deeply appreciated and will make a significant difference in the lives of the young people we serve.<\/p>\n<div class=\"flex flex-grow flex-col gap-3\">\n<div class=\"min-h-[20px] flex flex-col items-start gap-4 whitespace-pre-wrap break-words\">\n<div class=\"markdown prose w-full break-words dark:prose-invert light\">\n<p>We are truly grateful for your support, which allows us to make a positive impact on the lives of young people in our community. Your generosity inspires us to continue our mission and strive towards creating a brighter future. We couldn&#8217;t do it without your help and are deeply appreciative of your commitment to our cause.<\/p>\n<\/div>\n<\/div>\n<\/div>\n<p>[\/et_pb_text][\/et_pb_column][\/et_pb_row][et_pb_row column_structure=&#8221;1_3,2_3&#8243; _builder_version=&#8221;4.20.2&#8243; _module_preset=&#8221;default&#8221; global_colors_info=&#8221;{}&#8221;][et_pb_column type=&#8221;1_3&#8243; _builder_version=&#8221;4.20.2&#8243; _module_preset=&#8221;default&#8221; global_colors_info=&#8221;{}&#8221;][et_pb_image src=&#8221;https:\/\/epj44.fr\/wp-content\/uploads\/2023\/05\/Recrutement-de-benevoles-coeur-en-ombre-chinoise-1-4.jpg&#8221; alt=&#8221;The EPJ 44 Bible camp &#8211; heart in shadow&#8221; title_text=&#8221;Recrutement de b\u00e9n\u00e9voles &#8211; coeur en ombre chinoise&#8221; _builder_version=&#8221;4.20.2&#8243; _module_preset=&#8221;default&#8221; global_colors_info=&#8221;{}&#8221;][\/et_pb_image][\/et_pb_column][et_pb_column type=&#8221;2_3&#8243; _builder_version=&#8221;4.20.2&#8243; _module_preset=&#8221;default&#8221; global_colors_info=&#8221;{}&#8221;][et_pb_cta title=&#8221;Donations&#8221; button_url=&#8221;https:\/\/diocese44.fr\/dons\/don-en-ligne\/&#8221; button_text=&#8221;Make a donation&#8221; _builder_version=&#8221;4.21.0&#8243; _module_preset=&#8221;default&#8221; header_font=&#8221;Oswald|600|||||||&#8221; header_font_size=&#8221;31px&#8221; header_letter_spacing=&#8221;1px&#8221; body_font=&#8221;Oswald||||||||&#8221; body_text_align=&#8221;center&#8221; body_font_size=&#8221;22px&#8221; background_color=&#8221;#16A798&#8243; custom_button=&#8221;on&#8221; button_text_color=&#8221;#FFFFFF&#8221; button_bg_color=&#8221;#16A798&#8243; button_font=&#8221;Oswald||||||||&#8221; button_icon=&#8221;&#xf51e;||fa||900&#8243; global_colors_info=&#8221;{}&#8221;]<\/p>\n<p style=\"text-align: center;\">Support our mission to youth by making a donation to EPJ 44. Your contribution will allow us to offer enriching activities and accompany each young person in their spiritual journey.<br \/>Thank you in advance for your generosity!<\/p>\n<p>[\/et_pb_cta][\/et_pb_column][\/et_pb_row][\/et_pb_section]<\/p>\n","protected":false},"excerpt":{"rendered":"<p>Welcome to the EPJ 44 Bible camp webpage!Who are we? We are a French association that offers Catholic-themed vacation camps for children under 18. The mission of the EPJ 44 bible camp is to provide an enriching environment where young people can deepen their faith, develop new friendships, and have fun. We believe that our [&hellip;]<\/p>\n","protected":false},"author":2,"featured_media":0,"parent":0,"menu_order":0,"comment_status":"closed","ping_status":"closed","template":"","meta":{"_et_pb_use_builder":"on","_et_pb_old_content":"","_et_gb_content_width":"","inline_featured_image":false,"footnotes":""},"class_list":["post-384","page","type-page","status-publish","hentry"],"yoast_head":"<!-- This site is optimized with the Yoast SEO plugin v27.4 - https:\/\/yoast.com\/product\/yoast-seo-wordpress\/ -->\n<title>EPJ 44 Bible Camp in Loire-Atlantique<\/title>\n<meta name=\"description\" content=\"EPJ 44 bible camp allows children to deepen their relationship with the Catholic religion by embarking them on a week of sharing and faith.\" \/>\n<meta name=\"robots\" content=\"index, follow, max-snippet:-1, max-image-preview:large, max-video-preview:-1\" \/>\n<link rel=\"canonical\" href=\"https:\/\/epj44.fr\/index.php\/en\/epj-44-bible-camp\/\" \/>\n<meta property=\"og:locale\" content=\"en_US\" \/>\n<meta property=\"og:type\" content=\"article\" \/>\n<meta property=\"og:title\" content=\"EPJ 44 Bible Camp in Loire-Atlantique\" \/>\n<meta property=\"og:description\" content=\"EPJ 44 bible camp allows children to deepen their relationship with the Catholic religion by embarking them on a week of sharing and faith.\" \/>\n<meta property=\"og:url\" content=\"https:\/\/epj44.fr\/index.php\/en\/epj-44-bible-camp\/\" \/>\n<meta property=\"og:site_name\" content=\"Ecole de Pri\u00e8re des Jeunes 44\" \/>\n<meta property=\"article:publisher\" content=\"https:\/\/m.facebook.com\/profile.php?id=100070243420332&amp;_rdr\" \/>\n<meta property=\"article:modified_time\" content=\"2023-05-18T19:59:57+00:00\" \/>\n<meta name=\"twitter:card\" content=\"summary_large_image\" \/>\n<meta name=\"twitter:label1\" content=\"Est. reading time\" \/>\n\t<meta name=\"twitter:data1\" content=\"3 minutes\" \/>\n<script type=\"application\/ld+json\" class=\"yoast-schema-graph\">{\"@context\":\"https:\\\/\\\/schema.org\",\"@graph\":[{\"@type\":\"WebPage\",\"@id\":\"https:\\\/\\\/epj44.fr\\\/index.php\\\/en\\\/epj-44-bible-camp\\\/\",\"url\":\"https:\\\/\\\/epj44.fr\\\/index.php\\\/en\\\/epj-44-bible-camp\\\/\",\"name\":\"EPJ 44 Bible Camp in Loire-Atlantique\",\"isPartOf\":{\"@id\":\"https:\\\/\\\/epj44.fr\\\/#website\"},\"datePublished\":\"2023-04-22T10:27:36+00:00\",\"dateModified\":\"2023-05-18T19:59:57+00:00\",\"description\":\"EPJ 44 bible camp allows children to deepen their relationship with the Catholic religion by embarking them on a week of sharing and faith.\",\"breadcrumb\":{\"@id\":\"https:\\\/\\\/epj44.fr\\\/index.php\\\/en\\\/epj-44-bible-camp\\\/#breadcrumb\"},\"inLanguage\":\"en-US\",\"potentialAction\":[{\"@type\":\"ReadAction\",\"target\":[\"https:\\\/\\\/epj44.fr\\\/index.php\\\/en\\\/epj-44-bible-camp\\\/\"]}]},{\"@type\":\"BreadcrumbList\",\"@id\":\"https:\\\/\\\/epj44.fr\\\/index.php\\\/en\\\/epj-44-bible-camp\\\/#breadcrumb\",\"itemListElement\":[{\"@type\":\"ListItem\",\"position\":1,\"name\":\"Accueil\",\"item\":\"https:\\\/\\\/epj44.fr\\\/\"},{\"@type\":\"ListItem\",\"position\":2,\"name\":\"Homepage\"}]},{\"@type\":\"WebSite\",\"@id\":\"https:\\\/\\\/epj44.fr\\\/#website\",\"url\":\"https:\\\/\\\/epj44.fr\\\/\",\"name\":\"Ecole de Pri\u00e8re des Jeunes 44\",\"description\":\"\u00abMettez-vous \u00e0 mon \u00e9cole car je suis doux et humble de c\u0153ur \u00bb\",\"potentialAction\":[{\"@type\":\"SearchAction\",\"target\":{\"@type\":\"EntryPoint\",\"urlTemplate\":\"https:\\\/\\\/epj44.fr\\\/?s={search_term_string}\"},\"query-input\":{\"@type\":\"PropertyValueSpecification\",\"valueRequired\":true,\"valueName\":\"search_term_string\"}}],\"inLanguage\":\"en-US\"}]}<\/script>\n<!-- \/ Yoast SEO plugin. -->","yoast_head_json":{"title":"EPJ 44 Bible Camp in Loire-Atlantique","description":"EPJ 44 bible camp allows children to deepen their relationship with the Catholic religion by embarking them on a week of sharing and faith.","robots":{"index":"index","follow":"follow","max-snippet":"max-snippet:-1","max-image-preview":"max-image-preview:large","max-video-preview":"max-video-preview:-1"},"canonical":"https:\/\/epj44.fr\/index.php\/en\/epj-44-bible-camp\/","og_locale":"en_US","og_type":"article","og_title":"EPJ 44 Bible Camp in Loire-Atlantique","og_description":"EPJ 44 bible camp allows children to deepen their relationship with the Catholic religion by embarking them on a week of sharing and faith.","og_url":"https:\/\/epj44.fr\/index.php\/en\/epj-44-bible-camp\/","og_site_name":"Ecole de Pri\u00e8re des Jeunes 44","article_publisher":"https:\/\/m.facebook.com\/profile.php?id=100070243420332&_rdr","article_modified_time":"2023-05-18T19:59:57+00:00","twitter_card":"summary_large_image","twitter_misc":{"Est. reading time":"3 minutes"},"schema":{"@context":"https:\/\/schema.org","@graph":[{"@type":"WebPage","@id":"https:\/\/epj44.fr\/index.php\/en\/epj-44-bible-camp\/","url":"https:\/\/epj44.fr\/index.php\/en\/epj-44-bible-camp\/","name":"EPJ 44 Bible Camp in Loire-Atlantique","isPartOf":{"@id":"https:\/\/epj44.fr\/#website"},"datePublished":"2023-04-22T10:27:36+00:00","dateModified":"2023-05-18T19:59:57+00:00","description":"EPJ 44 bible camp allows children to deepen their relationship with the Catholic religion by embarking them on a week of sharing and faith.","breadcrumb":{"@id":"https:\/\/epj44.fr\/index.php\/en\/epj-44-bible-camp\/#breadcrumb"},"inLanguage":"en-US","potentialAction":[{"@type":"ReadAction","target":["https:\/\/epj44.fr\/index.php\/en\/epj-44-bible-camp\/"]}]},{"@type":"BreadcrumbList","@id":"https:\/\/epj44.fr\/index.php\/en\/epj-44-bible-camp\/#breadcrumb","itemListElement":[{"@type":"ListItem","position":1,"name":"Accueil","item":"https:\/\/epj44.fr\/"},{"@type":"ListItem","position":2,"name":"Homepage"}]},{"@type":"WebSite","@id":"https:\/\/epj44.fr\/#website","url":"https:\/\/epj44.fr\/","name":"Ecole de Pri\u00e8re des Jeunes 44","description":"\u00abMettez-vous \u00e0 mon \u00e9cole car je suis doux et humble de c\u0153ur \u00bb","potentialAction":[{"@type":"SearchAction","target":{"@type":"EntryPoint","urlTemplate":"https:\/\/epj44.fr\/?s={search_term_string}"},"query-input":{"@type":"PropertyValueSpecification","valueRequired":true,"valueName":"search_term_string"}}],"inLanguage":"en-US"}]}},"_links":{"self":[{"href":"https:\/\/epj44.fr\/index.php\/wp-json\/wp\/v2\/pages\/384","targetHints":{"allow":["GET"]}}],"collection":[{"href":"https:\/\/epj44.fr\/index.php\/wp-json\/wp\/v2\/pages"}],"about":[{"href":"https:\/\/epj44.fr\/index.php\/wp-json\/wp\/v2\/types\/page"}],"author":[{"embeddable":true,"href":"https:\/\/epj44.fr\/index.php\/wp-json\/wp\/v2\/users\/2"}],"replies":[{"embeddable":true,"href":"https:\/\/epj44.fr\/index.php\/wp-json\/wp\/v2\/comments?post=384"}],"version-history":[{"count":32,"href":"https:\/\/epj44.fr\/index.php\/wp-json\/wp\/v2\/pages\/384\/revisions"}],"predecessor-version":[{"id":905,"href":"https:\/\/epj44.fr\/index.php\/wp-json\/wp\/v2\/pages\/384\/revisions\/905"}],"wp:attachment":[{"href":"https:\/\/epj44.fr\/index.php\/wp-json\/wp\/v2\/media?parent=384"}],"curies":[{"name":"wp","href":"https:\/\/api.w.org\/{rel}","templated":true}]}}